{"id":447,"date":"2015-11-03T11:34:29","date_gmt":"2015-11-03T11:34:29","guid":{"rendered":"http:\/\/puuvara.ee\/esileht-2\/"},"modified":"2015-11-26T10:04:19","modified_gmt":"2015-11-26T10:04:19","slug":"esileht","status":"publish","type":"page","link":"https:\/\/puuvara.ee\/lv\/","title":{"rendered":"S\u0100KUMLAPA"},"content":{"rendered":"<h1 style=\"text-align: center;\">PAT\u0112R\u0112T\u0100JPRECES NO KOKA<\/h1>\n<p style=\"text-align: center;\">SIA PUUVARA ir Igaunijas kokapstr\u0101des uz\u0146\u0113mums, kas darbojas kop\u0161 1999. gada.<\/p>\n<p style=\"text-align: center;\"><a href=\"http:\/\/puuvara.ee\/lv\/kadika-izstradajumi\/\" class=\"button transparent \"><span>APSKAT\u012aT IZSTR\u0100D\u0100JUMUS<\/span><\/a><\/p>\n","protected":false},"excerpt":{"rendered":"<p>PAT\u0112R\u0112T\u0100JPRECES NO KOKA SIA PUUVARA ir Igaunijas kokapstr\u0101des uz\u0146\u0113mums, kas darbojas kop\u0161 1999. gada.<\/p>\n","protected":false},"author":1,"featured_media":0,"parent":0,"menu_order":0,"comment_status":"closed","ping_status":"open","template":"templates\/homepage.php","meta":{"_acf_changed":false,"footnotes":""},"class_list":["post-447","page","type-page","status-publish","hentry"],"acf":[],"yoast_head":"<!-- This site is optimized with the Yoast SEO plugin v27.4 - https:\/\/yoast.com\/product\/yoast-seo-wordpress\/ -->\n<title>S\u0100KUMLAPA - Puuvara<\/title>\n<meta name=\"robots\" content=\"index, follow, max-snippet:-1, max-image-preview:large, max-video-preview:-1\" \/>\n<link rel=\"canonical\" href=\"https:\/\/puuvara.ee\/lv\/\" \/>\n<meta property=\"og:locale\" content=\"lv_LV\" \/>\n<meta property=\"og:type\" content=\"article\" \/>\n<meta property=\"og:title\" content=\"S\u0100KUMLAPA - Puuvara\" \/>\n<meta property=\"og:description\" content=\"PAT\u0112R\u0112T\u0100JPRECES NO KOKA SIA PUUVARA ir Igaunijas kokapstr\u0101des uz\u0146\u0113mums, kas darbojas kop\u0161 1999. gada.\" \/>\n<meta property=\"og:url\" content=\"https:\/\/puuvara.ee\/lv\/\" \/>\n<meta property=\"og:site_name\" content=\"Puuvara\" \/>\n<meta property=\"article:modified_time\" content=\"2015-11-26T10:04:19+00:00\" \/>\n<meta name=\"twitter:card\" content=\"summary_large_image\" \/>\n<script type=\"application\/ld+json\" class=\"yoast-schema-graph\">{\"@context\":\"https:\\\/\\\/schema.org\",\"@graph\":[{\"@type\":\"WebPage\",\"@id\":\"https:\\\/\\\/puuvara.ee\\\/lv\\\/\",\"url\":\"https:\\\/\\\/puuvara.ee\\\/lv\\\/\",\"name\":\"S\u0100KUMLAPA - Puuvara\",\"isPartOf\":{\"@id\":\"https:\\\/\\\/puuvara.ee\\\/#website\"},\"datePublished\":\"2015-11-03T11:34:29+00:00\",\"dateModified\":\"2015-11-26T10:04:19+00:00\",\"breadcrumb\":{\"@id\":\"https:\\\/\\\/puuvara.ee\\\/lv\\\/#breadcrumb\"},\"inLanguage\":\"lv-LV\",\"potentialAction\":[{\"@type\":\"ReadAction\",\"target\":[\"https:\\\/\\\/puuvara.ee\\\/lv\\\/\"]}]},{\"@type\":\"BreadcrumbList\",\"@id\":\"https:\\\/\\\/puuvara.ee\\\/lv\\\/#breadcrumb\",\"itemListElement\":[{\"@type\":\"ListItem\",\"position\":1,\"name\":\"Home\",\"item\":\"https:\\\/\\\/puuvara.ee\\\/lv\\\/\"},{\"@type\":\"ListItem\",\"position\":2,\"name\":\"S\u0100KUMLAPA\"}]},{\"@type\":\"WebSite\",\"@id\":\"https:\\\/\\\/puuvara.ee\\\/#website\",\"url\":\"https:\\\/\\\/puuvara.ee\\\/\",\"name\":\"Puuvara\",\"description\":\"PAT\u0112R\u0112T\u0100JPRECES NO KOKA\",\"potentialAction\":[{\"@type\":\"SearchAction\",\"target\":{\"@type\":\"EntryPoint\",\"urlTemplate\":\"https:\\\/\\\/puuvara.ee\\\/?s={search_term_string}\"},\"query-input\":{\"@type\":\"PropertyValueSpecification\",\"valueRequired\":true,\"valueName\":\"search_term_string\"}}],\"inLanguage\":\"lv-LV\"}]}<\/script>\n<!-- \/ Yoast SEO plugin. -->","yoast_head_json":{"title":"S\u0100KUMLAPA - Puuvara","robots":{"index":"index","follow":"follow","max-snippet":"max-snippet:-1","max-image-preview":"max-image-preview:large","max-video-preview":"max-video-preview:-1"},"canonical":"https:\/\/puuvara.ee\/lv\/","og_locale":"lv_LV","og_type":"article","og_title":"S\u0100KUMLAPA - Puuvara","og_description":"PAT\u0112R\u0112T\u0100JPRECES NO KOKA SIA PUUVARA ir Igaunijas kokapstr\u0101des uz\u0146\u0113mums, kas darbojas kop\u0161 1999. gada.","og_url":"https:\/\/puuvara.ee\/lv\/","og_site_name":"Puuvara","article_modified_time":"2015-11-26T10:04:19+00:00","twitter_card":"summary_large_image","schema":{"@context":"https:\/\/schema.org","@graph":[{"@type":"WebPage","@id":"https:\/\/puuvara.ee\/lv\/","url":"https:\/\/puuvara.ee\/lv\/","name":"S\u0100KUMLAPA - Puuvara","isPartOf":{"@id":"https:\/\/puuvara.ee\/#website"},"datePublished":"2015-11-03T11:34:29+00:00","dateModified":"2015-11-26T10:04:19+00:00","breadcrumb":{"@id":"https:\/\/puuvara.ee\/lv\/#breadcrumb"},"inLanguage":"lv-LV","potentialAction":[{"@type":"ReadAction","target":["https:\/\/puuvara.ee\/lv\/"]}]},{"@type":"BreadcrumbList","@id":"https:\/\/puuvara.ee\/lv\/#breadcrumb","itemListElement":[{"@type":"ListItem","position":1,"name":"Home","item":"https:\/\/puuvara.ee\/lv\/"},{"@type":"ListItem","position":2,"name":"S\u0100KUMLAPA"}]},{"@type":"WebSite","@id":"https:\/\/puuvara.ee\/#website","url":"https:\/\/puuvara.ee\/","name":"Puuvara","description":"PAT\u0112R\u0112T\u0100JPRECES NO KOKA","potentialAction":[{"@type":"SearchAction","target":{"@type":"EntryPoint","urlTemplate":"https:\/\/puuvara.ee\/?s={search_term_string}"},"query-input":{"@type":"PropertyValueSpecification","valueRequired":true,"valueName":"search_term_string"}}],"inLanguage":"lv-LV"}]}},"_links":{"self":[{"href":"https:\/\/puuvara.ee\/lv\/wp-json\/wp\/v2\/pages\/447","targetHints":{"allow":["GET"]}}],"collection":[{"href":"https:\/\/puuvara.ee\/lv\/wp-json\/wp\/v2\/pages"}],"about":[{"href":"https:\/\/puuvara.ee\/lv\/wp-json\/wp\/v2\/types\/page"}],"author":[{"embeddable":true,"href":"https:\/\/puuvara.ee\/lv\/wp-json\/wp\/v2\/users\/1"}],"replies":[{"embeddable":true,"href":"https:\/\/puuvara.ee\/lv\/wp-json\/wp\/v2\/comments?post=447"}],"version-history":[{"count":7,"href":"https:\/\/puuvara.ee\/lv\/wp-json\/wp\/v2\/pages\/447\/revisions"}],"predecessor-version":[{"id":1342,"href":"https:\/\/puuvara.ee\/lv\/wp-json\/wp\/v2\/pages\/447\/revisions\/1342"}],"wp:attachment":[{"href":"https:\/\/puuvara.ee\/lv\/wp-json\/wp\/v2\/media?parent=447"}],"curies":[{"name":"wp","href":"https:\/\/api.w.org\/{rel}","templated":true}]}}